{"id":346,"date":"2024-01-17T15:57:09","date_gmt":"2024-01-17T08:57:09","guid":{"rendered":"https:\/\/cchiphnvn.org\/?page_id=346"},"modified":"2025-11-14T14:47:19","modified_gmt":"2025-11-14T07:47:19","slug":"doi-tac","status":"publish","type":"page","link":"https:\/\/cchiphnvn.org\/en\/trang-chu\/doi-tac\/","title":{"rendered":"(Ti\u1ebfng Vi\u1ec7t) \u0110\u1ed1i t\u00e1c"},"content":{"rendered":"<p class=\"qtranxs-available-languages-message qtranxs-available-languages-message-en\">Sorry, this entry is only available in <a href=\"https:\/\/cchiphnvn.org\/vi\/wp-json\/wp\/v2\/pages\/346\" class=\"qtranxs-available-language-link qtranxs-available-language-link-vi\" title=\"Ti\u1ebfng Vi\u1ec7t\">Vietnamese<\/a>.<\/p>","protected":false},"excerpt":{"rendered":"<p>Sorry, this entry is only available in Vietnamese.<\/p>\n","protected":false},"author":1,"featured_media":0,"parent":2,"menu_order":0,"comment_status":"closed","ping_status":"closed","template":"templates\/custompageabout.php","meta":[],"yoast_head":"<!-- This site is optimized with the Yoast SEO plugin v15.4 - https:\/\/yoast.com\/wordpress\/plugins\/seo\/ -->\n<title>(Ti\u1ebfng Vi\u1ec7t) \u0110\u1ed1i t\u00e1c | Trung t\u00e2m Nghi\u00ean c\u1ee9u S\u1ee9c kh\u1ecfe c\u1ed9ng \u0111\u1ed3ng v\u00e0 Ph\u00f2ng ch\u1ed1ng ch\u1ea5n th\u01b0\u01a1ng<\/title>\n<meta name=\"robots\" content=\"index, follow, max-snippet:-1, max-image-preview:large, max-video-preview:-1\" \/>\n<link rel=\"canonical\" href=\"https:\/\/cchiphnvn.org\/trang-chu\/doi-tac\/\" \/>\n<meta property=\"og:locale\" content=\"en_US\" \/>\n<meta property=\"og:type\" content=\"article\" \/>\n<meta property=\"og:title\" content=\"(Ti\u1ebfng Vi\u1ec7t) \u0110\u1ed1i t\u00e1c | Trung t\u00e2m Nghi\u00ean c\u1ee9u S\u1ee9c kh\u1ecfe c\u1ed9ng \u0111\u1ed3ng v\u00e0 Ph\u00f2ng ch\u1ed1ng ch\u1ea5n th\u01b0\u01a1ng\" \/>\n<meta property=\"og:description\" content=\"Sorry, this entry is only available in Vietnamese.\" \/>\n<meta property=\"og:url\" content=\"https:\/\/cchiphnvn.org\/trang-chu\/doi-tac\/\" \/>\n<meta property=\"og:site_name\" content=\"Trung t\u00e2m Nghi\u00ean c\u1ee9u S\u1ee9c kh\u1ecfe c\u1ed9ng \u0111\u1ed3ng v\u00e0 Ph\u00f2ng ch\u1ed1ng ch\u1ea5n th\u01b0\u01a1ng\" \/>\n<meta property=\"article:modified_time\" content=\"2025-11-14T07:47:19+00:00\" \/>\n<meta property=\"og:image\" content=\"https:\/\/cchiphnvn.org\/wp-content\/uploads\/2025\/10\/ADB_logoBLUE-300x300.jpg\" \/>\n<meta name=\"twitter:card\" content=\"summary_large_image\" \/>\n<meta name=\"twitter:label1\" content=\"Written by\">\n\t<meta name=\"twitter:data1\" content=\"admin\">\n\t<meta name=\"twitter:label2\" content=\"Est. reading time\">\n\t<meta name=\"twitter:data2\" content=\"0 minutes\">\n<script type=\"application\/ld+json\" class=\"yoast-schema-graph\">{\"@context\":\"https:\/\/schema.org\",\"@graph\":[{\"@type\":\"WebSite\",\"@id\":\"https:\/\/cchiphnvn.org\/#website\",\"url\":\"https:\/\/cchiphnvn.org\/\",\"name\":\"Trung t\\u00e2m Nghi\\u00ean c\\u1ee9u S\\u1ee9c kh\\u1ecfe c\\u1ed9ng \\u0111\\u1ed3ng v\\u00e0 Ph\\u00f2ng ch\\u1ed1ng ch\\u1ea5n th\\u01b0\\u01a1ng\",\"description\":\"\",\"potentialAction\":[{\"@type\":\"SearchAction\",\"target\":\"https:\/\/cchiphnvn.org\/?s={search_term_string}\",\"query-input\":\"required name=search_term_string\"}],\"inLanguage\":\"en-US\"},{\"@type\":\"ImageObject\",\"@id\":\"https:\/\/cchiphnvn.org\/trang-chu\/doi-tac\/#primaryimage\",\"inLanguage\":\"en-US\",\"url\":\"https:\/\/cchiphnvn.org\/wp-content\/uploads\/2025\/10\/ADB_logoBLUE.jpg\",\"width\":1650,\"height\":1650},{\"@type\":\"WebPage\",\"@id\":\"https:\/\/cchiphnvn.org\/trang-chu\/doi-tac\/#webpage\",\"url\":\"https:\/\/cchiphnvn.org\/trang-chu\/doi-tac\/\",\"name\":\"(Ti\\u1ebfng Vi\\u1ec7t) \\u0110\\u1ed1i t\\u00e1c | Trung t\\u00e2m Nghi\\u00ean c\\u1ee9u S\\u1ee9c kh\\u1ecfe c\\u1ed9ng \\u0111\\u1ed3ng v\\u00e0 Ph\\u00f2ng ch\\u1ed1ng ch\\u1ea5n th\\u01b0\\u01a1ng\",\"isPartOf\":{\"@id\":\"https:\/\/cchiphnvn.org\/#website\"},\"primaryImageOfPage\":{\"@id\":\"https:\/\/cchiphnvn.org\/trang-chu\/doi-tac\/#primaryimage\"},\"datePublished\":\"2024-01-17T08:57:09+00:00\",\"dateModified\":\"2025-11-14T07:47:19+00:00\",\"breadcrumb\":{\"@id\":\"https:\/\/cchiphnvn.org\/trang-chu\/doi-tac\/#breadcrumb\"},\"inLanguage\":\"en-US\",\"potentialAction\":[{\"@type\":\"ReadAction\",\"target\":[\"https:\/\/cchiphnvn.org\/trang-chu\/doi-tac\/\"]}]},{\"@type\":\"BreadcrumbList\",\"@id\":\"https:\/\/cchiphnvn.org\/trang-chu\/doi-tac\/#breadcrumb\",\"itemListElement\":[{\"@type\":\"ListItem\",\"position\":1,\"item\":{\"@type\":\"WebPage\",\"@id\":\"https:\/\/cchiphnvn.org\/\",\"url\":\"https:\/\/cchiphnvn.org\/\",\"name\":\"Trang ch\\u1ee7\"}},{\"@type\":\"ListItem\",\"position\":2,\"item\":{\"@type\":\"WebPage\",\"@id\":\"https:\/\/cchiphnvn.org\/trang-chu\/doi-tac\/\",\"url\":\"https:\/\/cchiphnvn.org\/trang-chu\/doi-tac\/\",\"name\":\"\\u0110\\u1ed1i t\\u00e1c\"}}]}]}<\/script>\n<!-- \/ Yoast SEO plugin. -->","_links":{"self":[{"href":"https:\/\/cchiphnvn.org\/en\/wp-json\/wp\/v2\/pages\/346"}],"collection":[{"href":"https:\/\/cchiphnvn.org\/en\/wp-json\/wp\/v2\/pages"}],"about":[{"href":"https:\/\/cchiphnvn.org\/en\/wp-json\/wp\/v2\/types\/page"}],"author":[{"embeddable":true,"href":"https:\/\/cchiphnvn.org\/en\/wp-json\/wp\/v2\/users\/1"}],"replies":[{"embeddable":true,"href":"https:\/\/cchiphnvn.org\/en\/wp-json\/wp\/v2\/comments?post=346"}],"version-history":[{"count":0,"href":"https:\/\/cchiphnvn.org\/en\/wp-json\/wp\/v2\/pages\/346\/revisions"}],"up":[{"embeddable":true,"href":"https:\/\/cchiphnvn.org\/en\/wp-json\/wp\/v2\/pages\/2"}],"wp:attachment":[{"href":"https:\/\/cchiphnvn.org\/en\/wp-json\/wp\/v2\/media?parent=346"}],"curies":[{"name":"wp","href":"https:\/\/api.w.org\/{rel}","templated":true}]}}